{"id":725,"date":"2025-12-05T10:35:45","date_gmt":"2025-12-05T09:35:45","guid":{"rendered":"https:\/\/vetshadow.com\/?page_id=725"},"modified":"2025-12-13T16:58:11","modified_gmt":"2025-12-13T15:58:11","slug":"partnersprogram","status":"publish","type":"page","link":"https:\/\/vetshadow.com\/es\/partnersprogram\/","title":{"rendered":"Partners"},"content":{"rendered":"<figure class=\"wp-block-image aligncenter size-full is-resized\"><img loading=\"lazy\" decoding=\"async\" width=\"1000\" height=\"1000\" src=\"https:\/\/vetshadow.com\/wp-content\/uploads\/2025\/12\/Vetshadow-partners-logo-sin-letra.png\" alt=\"\" class=\"wp-image-844\" style=\"width:207px;height:auto\" srcset=\"https:\/\/vetshadow.com\/wp-content\/uploads\/2025\/12\/Vetshadow-partners-logo-sin-letra.png 1000w, https:\/\/vetshadow.com\/wp-content\/uploads\/2025\/12\/Vetshadow-partners-logo-sin-letra-300x300.png 300w, https:\/\/vetshadow.com\/wp-content\/uploads\/2025\/12\/Vetshadow-partners-logo-sin-letra-150x150.png 150w, https:\/\/vetshadow.com\/wp-content\/uploads\/2025\/12\/Vetshadow-partners-logo-sin-letra-768x768.png 768w, https:\/\/vetshadow.com\/wp-content\/uploads\/2025\/12\/Vetshadow-partners-logo-sin-letra-12x12.png 12w\" sizes=\"auto, (max-width: 1000px) 100vw, 1000px\" \/><\/figure>\n\n\n\n<div class=\"wp-block-uagb-advanced-heading uagb-block-cbda0f34\"><h1 class=\"uagb-heading-text\">VetShadow Partners Program<\/h1><\/div>\n\n\n\n<div class=\"wp-block-uagb-advanced-heading uagb-block-6cd9cd69\"><h5 class=\"uagb-heading-text\"><strong>Gana ingresos recurrentes ayudando a transformar la profesi\u00f3n veterinaria<\/strong><\/h5><\/div>\n\n\n\n<div style=\"max-width: 680px; margin-left: auto; margin-right: auto;\">\n    \n\n    \n        <figure class=\"wp-block-video\">\n            <video controls poster=\"https:\/\/vetshadow.com\/wp-content\/uploads\/2025\/12\/Que-es-vetshadow-partners.png\" src=\"https:\/\/vetshadow.com\/wp-content\/uploads\/2025\/12\/VetShadow-Partners-ESP-SUB-1.mp4\" style=\"width: 100%; height: auto;\"><\/video>\n        <\/figure>\n    \n<\/div>\n\n\n\n<div class=\"wp-block-uagb-container uagb-block-aabb2bd0 default uagb-is-root-container\">\n<div class=\"wp-block-uagb-container uagb-block-414c6d34\">\n<p class=\"has-black-color has-text-color has-link-color wp-elements-d9bde808597b5fd3584e8b64980f5d75\">El VetShadow Partners Program es la oportunidad perfecta para closers, agencias y profesionales del marketing que quieren ingresos elevados, estables y de largo plazo.<\/p>\n<\/div>\n\n\n\n<div class=\"wp-block-uagb-container uagb-block-9474abf8\">\n<figure class=\"wp-block-image size-full\"><img loading=\"lazy\" decoding=\"async\" width=\"500\" height=\"500\" src=\"https:\/\/vetshadow.com\/wp-content\/uploads\/2025\/11\/94.png\" alt=\"\" class=\"wp-image-729\" srcset=\"https:\/\/vetshadow.com\/wp-content\/uploads\/2025\/11\/94.png 500w, https:\/\/vetshadow.com\/wp-content\/uploads\/2025\/11\/94-300x300.png 300w, https:\/\/vetshadow.com\/wp-content\/uploads\/2025\/11\/94-150x150.png 150w, https:\/\/vetshadow.com\/wp-content\/uploads\/2025\/11\/94-12x12.png 12w\" sizes=\"auto, (max-width: 500px) 100vw, 500px\" \/><\/figure>\n<\/div>\n\n\n\n<p class=\"has-black-color has-text-color has-link-color wp-elements-ea8992489435a54fec622f7561f09b7d\" style=\"margin-right:45px;margin-left:45px;font-size:19px\"><strong>Si puedes conectar a VetShadow con cl\u00ednicas veterinarias, podemos trabajar juntos.<\/strong><\/p>\n\n\n\n<div class=\"wp-block-uagb-container uagb-block-0502f780\">\n<p class=\"has-black-color has-text-color has-link-color wp-elements-7fb90466b5085dc60e9535a6ec7809ec\">VetShadow es el primer servicio de soporte cl\u00ednico remoto experto para veterinarios: 12 horas o 24\/7 de apoyo real, casos, informes cl\u00ednicos e historial del paciente.<br><br>Un servicio cr\u00edtico para cl\u00ednicas que quieren operar sin riesgo, sin burnout y con calidad constante.<\/p>\n<\/div>\n\n\n\n<div class=\"wp-block-uagb-container uagb-block-739b5d1f\">\n<figure class=\"wp-block-image size-full\"><img loading=\"lazy\" decoding=\"async\" width=\"500\" height=\"500\" src=\"https:\/\/vetshadow.com\/wp-content\/uploads\/2025\/11\/11.png\" alt=\"\" class=\"wp-image-730\" srcset=\"https:\/\/vetshadow.com\/wp-content\/uploads\/2025\/11\/11.png 500w, https:\/\/vetshadow.com\/wp-content\/uploads\/2025\/11\/11-300x300.png 300w, https:\/\/vetshadow.com\/wp-content\/uploads\/2025\/11\/11-150x150.png 150w, https:\/\/vetshadow.com\/wp-content\/uploads\/2025\/11\/11-12x12.png 12w\" sizes=\"auto, (max-width: 500px) 100vw, 500px\" \/><\/figure>\n<\/div>\n<\/div>\n\n\n\n<div class=\"wp-block-uagb-advanced-heading uagb-block-f3b16201\"><h3 class=\"uagb-heading-text\"><strong>Ventajas para los Partners<\/strong><\/h3><\/div>\n\n\n\n<div class=\"wp-block-uagb-advanced-heading uagb-block-a69640bd\"><h5 class=\"uagb-heading-text\"><strong>Comisi\u00f3n recurrente del 10%<\/strong><\/h5><\/div>\n\n\n\n<div class=\"wp-block-uagb-container uagb-block-2269dfc9 default uagb-is-root-container\">\n<div class=\"wp-block-uagb-container uagb-block-1a3eaa3b\">\n<p class=\"has-black-color has-text-color has-link-color wp-elements-bde431e8dfb67c8319d0d6ac1ddaa08b\">Cobra todos los meses, mientras el cliente siga con VetShadow.<br>Sin l\u00edmite de clientes. Sin caducidad.<\/p>\n<\/div>\n\n\n\n<div class=\"wp-block-uagb-container uagb-block-0c44531e\">\n<figure class=\"wp-block-image size-full\"><img loading=\"lazy\" decoding=\"async\" width=\"500\" height=\"500\" src=\"https:\/\/vetshadow.com\/wp-content\/uploads\/2025\/11\/recurrent-money-1.png\" alt=\"\" class=\"wp-image-735\" srcset=\"https:\/\/vetshadow.com\/wp-content\/uploads\/2025\/11\/recurrent-money-1.png 500w, https:\/\/vetshadow.com\/wp-content\/uploads\/2025\/11\/recurrent-money-1-300x300.png 300w, https:\/\/vetshadow.com\/wp-content\/uploads\/2025\/11\/recurrent-money-1-150x150.png 150w, https:\/\/vetshadow.com\/wp-content\/uploads\/2025\/11\/recurrent-money-1-12x12.png 12w\" sizes=\"auto, (max-width: 500px) 100vw, 500px\" \/><\/figure>\n<\/div>\n\n\n\n<p class=\"has-text-align-left has-black-color has-text-color has-link-color wp-elements-08043e79a2d0c89b41676e2c694bdf73\" style=\"margin-right:14px;margin-left:14px;padding-top:0;padding-bottom:0\"><strong>Essential (12h): \u00a33,000\/month \u2192 \u00a3300\/month per user for you<br><\/strong><strong>Complete (24\/7): \u00a36,000\/month \u2192 \u00a3600\/month per user for you<\/strong><\/p>\n\n\n\n<div class=\"wp-block-uagb-container uagb-block-40e56e4b\">\n<p class=\"has-black-color has-text-color has-link-color wp-elements-37f982516f6e7057acd7c6b70de4d6a3\">Un \u201cusuario\u201d no significa necesariamente un cliente. De hecho, una misma cl\u00ednica puede contratar varios usuarios bajo el mismo contrato. Y si el cliente es un grupo o una empresa con varios centros veterinarios, podr\u00edan contratar 100 usuarios, o incluso m\u00e1s, en una sola venta.<\/p>\n<\/div>\n\n\n\n<div class=\"wp-block-uagb-container uagb-block-b92a37ed\">\n<figure class=\"wp-block-image size-full\"><img loading=\"lazy\" decoding=\"async\" width=\"500\" height=\"500\" src=\"https:\/\/vetshadow.com\/wp-content\/uploads\/2025\/11\/receiving-money-1.png\" alt=\"\" class=\"wp-image-737\" style=\"aspect-ratio:1;object-fit:cover\" srcset=\"https:\/\/vetshadow.com\/wp-content\/uploads\/2025\/11\/receiving-money-1.png 500w, https:\/\/vetshadow.com\/wp-content\/uploads\/2025\/11\/receiving-money-1-300x300.png 300w, https:\/\/vetshadow.com\/wp-content\/uploads\/2025\/11\/receiving-money-1-150x150.png 150w, https:\/\/vetshadow.com\/wp-content\/uploads\/2025\/11\/receiving-money-1-12x12.png 12w\" sizes=\"auto, (max-width: 500px) 100vw, 500px\" \/><\/figure>\n<\/div>\n<\/div>\n\n\n\n<div class=\"wp-block-uagb-advanced-heading uagb-block-3f98e1f9\"><h3 class=\"uagb-heading-text\"><strong>Ticket elevado, cierre sencillo<\/strong><\/h3><\/div>\n\n\n\n<div class=\"wp-block-uagb-container uagb-block-cdd60f2b default uagb-is-root-container\">\n<div class=\"wp-block-uagb-container uagb-block-ad1a0420\">\n<div class=\"wp-block-group has-global-padding is-layout-constrained wp-block-group-is-layout-constrained\">\n<p>Contratos anuales de hasta <strong>\u00a336.000 por usuario contratado.<\/strong>.<br>Las cl\u00ednicas entienden el valor en segundos:<\/p>\n\n\n\n<ul class=\"wp-block-list\">\n<li>Menos burnout<\/li>\n\n\n\n<li>Menos errores<\/li>\n\n\n\n<li>Mejor calidad<\/li>\n\n\n\n<li>M\u00e1s descanso para el personal<\/li>\n\n\n\n<li>Menos rotaci\u00f3n<\/li>\n\n\n\n<li>Menos dependencia<\/li>\n\n\n\n<li>Operaci\u00f3n cl\u00ednica continua<\/li>\n<\/ul>\n<\/div>\n<\/div>\n\n\n\n<div class=\"wp-block-uagb-container uagb-block-9eb213a1\">\n<figure class=\"wp-block-image size-full\" style=\"margin-right:0px\"><img loading=\"lazy\" decoding=\"async\" width=\"500\" height=\"500\" src=\"https:\/\/vetshadow.com\/wp-content\/uploads\/2025\/11\/36.png\" alt=\"\" class=\"wp-image-742\" srcset=\"https:\/\/vetshadow.com\/wp-content\/uploads\/2025\/11\/36.png 500w, https:\/\/vetshadow.com\/wp-content\/uploads\/2025\/11\/36-300x300.png 300w, https:\/\/vetshadow.com\/wp-content\/uploads\/2025\/11\/36-150x150.png 150w, https:\/\/vetshadow.com\/wp-content\/uploads\/2025\/11\/36-12x12.png 12w\" sizes=\"auto, (max-width: 500px) 100vw, 500px\" \/><\/figure>\n<\/div>\n<\/div>\n\n\n\n<div class=\"wp-block-uagb-container uagb-block-7d761781 default uagb-is-root-container\">\n<div class=\"wp-block-uagb-container uagb-block-39bba631\">\n<p class=\"has-black-color has-text-color has-link-color wp-elements-9c654b87fab8c87fa0ea9e73cfb51521\">Aumentamos la rentabilidad de su centro veterinario por una fracci\u00f3n de lo que cuesta un solo trabajador.<br>No cargamos al centro con bajas ni vacaciones.<br>Nos encargamos de las tareas menos productivas para que ellos puedan dedicar m\u00e1s tiempo a atender m\u00e1s clientes y en mejores condiciones.<\/p>\n<\/div>\n\n\n\n<div class=\"wp-block-uagb-container uagb-block-e7b0c5ef\">\n<figure class=\"wp-block-image size-full\"><img loading=\"lazy\" decoding=\"async\" width=\"500\" height=\"500\" src=\"https:\/\/vetshadow.com\/wp-content\/uploads\/2025\/11\/57.png\" alt=\"\" class=\"wp-image-739\" srcset=\"https:\/\/vetshadow.com\/wp-content\/uploads\/2025\/11\/57.png 500w, https:\/\/vetshadow.com\/wp-content\/uploads\/2025\/11\/57-300x300.png 300w, https:\/\/vetshadow.com\/wp-content\/uploads\/2025\/11\/57-150x150.png 150w, https:\/\/vetshadow.com\/wp-content\/uploads\/2025\/11\/57-12x12.png 12w\" sizes=\"auto, (max-width: 500px) 100vw, 500px\" \/><\/figure>\n<\/div>\n\n\n\n<div class=\"wp-block-uagb-container uagb-layout-grid uagb-block-2292a99c\">\n<p class=\"has-text-align-left has-black-color has-text-color has-link-color wp-elements-3aecfb6c418da5e2a3c7fe81cd2df049\"><strong>No hay competencia real.<br><\/strong>No hay servicios parecidos.<br>Y el valor percibido es inmediato.<\/p>\n<\/div>\n\n\n\n<div class=\"wp-block-uagb-container uagb-block-130ee3f3\">\n<figure class=\"wp-block-image size-full\"><img loading=\"lazy\" decoding=\"async\" width=\"500\" height=\"500\" src=\"https:\/\/vetshadow.com\/wp-content\/uploads\/2025\/11\/31.png\" alt=\"\" class=\"wp-image-740\" srcset=\"https:\/\/vetshadow.com\/wp-content\/uploads\/2025\/11\/31.png 500w, https:\/\/vetshadow.com\/wp-content\/uploads\/2025\/11\/31-300x300.png 300w, https:\/\/vetshadow.com\/wp-content\/uploads\/2025\/11\/31-150x150.png 150w, https:\/\/vetshadow.com\/wp-content\/uploads\/2025\/11\/31-12x12.png 12w\" sizes=\"auto, (max-width: 500px) 100vw, 500px\" \/><\/figure>\n<\/div>\n<\/div>\n\n\n\n<div class=\"wp-block-uagb-advanced-heading uagb-block-d2356df2\"><h3 class=\"uagb-heading-text\"><strong>Soporte total para ayudarte a cerrar<\/strong><\/h3><\/div>\n\n\n\n<div class=\"wp-block-uagb-container uagb-block-84358de5 default uagb-is-root-container\">\n<div class=\"wp-block-uagb-container uagb-block-21957478\">\n<ul style=\"margin-left:0px\" class=\"wp-block-list\">\n<li>Material comercial listo<\/li>\n\n\n\n<li>Argumentarios y casos reales<\/li>\n\n\n\n<li>Reuniones conjuntas si las necesitas<\/li>\n\n\n\n<li>Propuestas personalizadas<\/li>\n\n\n\n<li>Acompa\u00f1amiento completo en las primeras ventas<\/li>\n<\/ul>\n<\/div>\n\n\n\n<div class=\"wp-block-uagb-container uagb-block-d272b2e3\">\n<figure class=\"wp-block-image aligncenter size-full is-style-default\"><img loading=\"lazy\" decoding=\"async\" width=\"500\" height=\"500\" src=\"https:\/\/vetshadow.com\/wp-content\/uploads\/2025\/11\/41.png\" alt=\"\" class=\"wp-image-743\" srcset=\"https:\/\/vetshadow.com\/wp-content\/uploads\/2025\/11\/41.png 500w, https:\/\/vetshadow.com\/wp-content\/uploads\/2025\/11\/41-300x300.png 300w, https:\/\/vetshadow.com\/wp-content\/uploads\/2025\/11\/41-150x150.png 150w, https:\/\/vetshadow.com\/wp-content\/uploads\/2025\/11\/41-12x12.png 12w\" sizes=\"auto, (max-width: 500px) 100vw, 500px\" \/><\/figure>\n<\/div>\n\n\n\n<div class=\"wp-block-uagb-container uagb-block-62206a45\">\n<p class=\"has-black-color has-text-color has-link-color wp-elements-df5055ebd1cd94cf7d14bea4c348132f\" style=\"margin-right:0px\">T\u00fa te centras en llegar al cliente.<br><strong>Nosotros hacemos el resto.<\/strong><\/p>\n<\/div>\n\n\n\n<div class=\"wp-block-uagb-container uagb-block-03e2d2a5\">\n<figure class=\"wp-block-image size-full\"><img loading=\"lazy\" decoding=\"async\" width=\"500\" height=\"500\" src=\"https:\/\/vetshadow.com\/wp-content\/uploads\/2025\/11\/105.png\" alt=\"\" class=\"wp-image-744\" srcset=\"https:\/\/vetshadow.com\/wp-content\/uploads\/2025\/11\/105.png 500w, https:\/\/vetshadow.com\/wp-content\/uploads\/2025\/11\/105-300x300.png 300w, https:\/\/vetshadow.com\/wp-content\/uploads\/2025\/11\/105-150x150.png 150w, https:\/\/vetshadow.com\/wp-content\/uploads\/2025\/11\/105-12x12.png 12w\" sizes=\"auto, (max-width: 500px) 100vw, 500px\" \/><\/figure>\n<\/div>\n<\/div>\n\n\n\n<h3 class=\"wp-block-heading\"><strong>\u00bfA qui\u00e9n puedes vender?<\/strong><\/h3>\n\n\n\n<div class=\"wp-block-uagb-container uagb-block-f9aa64b4 default uagb-is-root-container\">\n<div class=\"wp-block-uagb-container uagb-block-9a00689b\">\n<ul class=\"wp-block-list\">\n<li class=\"has-black-color has-text-color has-link-color wp-elements-f220c66da4d95613042c1dae6107bfc3\">Cl\u00ednicas veterinarias peque\u00f1as y medianas<\/li>\n\n\n\n<li>Hospitales veterinarios<\/li>\n\n\n\n<li>Grupos corporativos<\/li>\n\n\n\n<li>Centros con urgencias nocturnas<\/li>\n\n\n\n<li>Cl\u00ednicas con falta de personal<\/li>\n\n\n\n<li class=\"has-black-color has-text-color has-link-color wp-elements-b3d44baef0e7dbe4537443cf04bf4b52\">Propietarios que quieren estandarizar la calidad 24\/7<\/li>\n<\/ul>\n<\/div>\n\n\n\n<div class=\"wp-block-uagb-container uagb-block-03f707e0\">\n<figure class=\"wp-block-image size-full\"><img loading=\"lazy\" decoding=\"async\" width=\"500\" height=\"500\" src=\"https:\/\/vetshadow.com\/wp-content\/uploads\/2025\/11\/62.png\" alt=\"\" class=\"wp-image-746\" srcset=\"https:\/\/vetshadow.com\/wp-content\/uploads\/2025\/11\/62.png 500w, https:\/\/vetshadow.com\/wp-content\/uploads\/2025\/11\/62-300x300.png 300w, https:\/\/vetshadow.com\/wp-content\/uploads\/2025\/11\/62-150x150.png 150w, https:\/\/vetshadow.com\/wp-content\/uploads\/2025\/11\/62-12x12.png 12w\" sizes=\"auto, (max-width: 500px) 100vw, 500px\" \/><\/figure>\n<\/div>\n\n\n\n<div class=\"wp-block-uagb-container uagb-block-e83c97bc\">\n<p class=\"has-black-color has-text-color has-link-color wp-elements-ca43c1cc3d8a89bd8e51aaa50ae6189c\">En ingl\u00e9s o espa\u00f1ol a nivel mundial.<br>El mercado es enorme y crece cada a\u00f1o.<\/p>\n<\/div>\n\n\n\n<div class=\"wp-block-uagb-container uagb-block-e34c58c4\">\n<figure class=\"wp-block-image size-full\"><img loading=\"lazy\" decoding=\"async\" width=\"500\" height=\"500\" src=\"https:\/\/vetshadow.com\/wp-content\/uploads\/2025\/11\/86.png\" alt=\"\" class=\"wp-image-747\" srcset=\"https:\/\/vetshadow.com\/wp-content\/uploads\/2025\/11\/86.png 500w, https:\/\/vetshadow.com\/wp-content\/uploads\/2025\/11\/86-300x300.png 300w, https:\/\/vetshadow.com\/wp-content\/uploads\/2025\/11\/86-150x150.png 150w, https:\/\/vetshadow.com\/wp-content\/uploads\/2025\/11\/86-12x12.png 12w\" sizes=\"auto, (max-width: 500px) 100vw, 500px\" \/><\/figure>\n<\/div>\n<\/div>\n\n\n\n<h2 class=\"wp-block-heading has-black-color has-text-color has-link-color wp-elements-29743e3043a479deb483ccf9cac222bb\"><strong>\u00bfQui\u00e9n puede ser Partner?<\/strong><\/h2>\n\n\n\n<div class=\"wp-block-uagb-container uagb-block-d819e0cf default uagb-is-root-container\">\n<div class=\"wp-block-uagb-container uagb-block-36c0efc4\">\n<ul class=\"wp-block-list\">\n<li>Closers de ventas<\/li>\n\n\n\n<li>Freelancers de marketing<\/li>\n\n\n\n<li>SDRs<\/li>\n\n\n\n<li>Agencias de crecimiento<\/li>\n\n\n\n<li>Consultores para cl\u00ednicas veterinarias<\/li>\n\n\n\n<li>Profesionales con contactos en el sector salud<\/li>\n\n\n\n<li class=\"has-black-color has-text-color has-link-color wp-elements-20daddfc5852345a69f88c682e841319\"><strong>Cualquier persona capaz de derivar clientes<\/strong><\/li>\n<\/ul>\n<\/div>\n\n\n\n<div class=\"wp-block-uagb-container uagb-block-a04baaf3\">\n<figure class=\"wp-block-image size-full\"><img loading=\"lazy\" decoding=\"async\" width=\"500\" height=\"500\" src=\"https:\/\/vetshadow.com\/wp-content\/uploads\/2025\/11\/102.png\" alt=\"\" class=\"wp-image-749\" srcset=\"https:\/\/vetshadow.com\/wp-content\/uploads\/2025\/11\/102.png 500w, https:\/\/vetshadow.com\/wp-content\/uploads\/2025\/11\/102-300x300.png 300w, https:\/\/vetshadow.com\/wp-content\/uploads\/2025\/11\/102-150x150.png 150w, https:\/\/vetshadow.com\/wp-content\/uploads\/2025\/11\/102-12x12.png 12w\" sizes=\"auto, (max-width: 500px) 100vw, 500px\" \/><\/figure>\n<\/div>\n\n\n\n<div class=\"wp-block-uagb-container uagb-block-9e1bee46\">\n<p class=\"has-text-align-left has-black-color has-text-color has-link-color wp-elements-f00799f0ab910d14cd21b97aded930c0\">Nosotros <strong>no<\/strong> exigimos exclusividad.<br>Puedes trabajar a tu ritmo.<\/p>\n<\/div>\n\n\n\n<div class=\"wp-block-uagb-container uagb-block-39564ae3\">\n<figure class=\"wp-block-image size-full\" style=\"margin-right:0px\"><img loading=\"lazy\" decoding=\"async\" width=\"500\" height=\"500\" src=\"https:\/\/vetshadow.com\/wp-content\/uploads\/2025\/11\/113.png\" alt=\"\" class=\"wp-image-750\" srcset=\"https:\/\/vetshadow.com\/wp-content\/uploads\/2025\/11\/113.png 500w, https:\/\/vetshadow.com\/wp-content\/uploads\/2025\/11\/113-300x300.png 300w, https:\/\/vetshadow.com\/wp-content\/uploads\/2025\/11\/113-150x150.png 150w, https:\/\/vetshadow.com\/wp-content\/uploads\/2025\/11\/113-12x12.png 12w\" sizes=\"auto, (max-width: 500px) 100vw, 500px\" \/><\/figure>\n<\/div>\n<\/div>\n\n\n\n<h2 class=\"wp-block-heading has-black-color has-text-color has-link-color wp-elements-52fa40cfb03dd43fcc3afb3d4e00bc78\"><strong>C\u00f3mo empezar<\/strong><\/h2>\n\n\n\n<div class=\"wp-block-uagb-container uagb-layout-flex uagb-block-c3868abe default uagb-is-root-container\">\n<div class=\"wp-block-uagb-container uagb-block-8c17420c\">\n<p class=\"has-black-color has-text-color has-link-color wp-elements-6423a9a3a158ef839de56e86d79eb46c\">Aplica al programa (formulario).<\/p>\n<\/div>\n\n\n\n<div class=\"wp-block-uagb-container uagb-block-5333ad8f\">\n<figure class=\"wp-block-image size-full\"><img loading=\"lazy\" decoding=\"async\" width=\"500\" height=\"500\" src=\"https:\/\/vetshadow.com\/wp-content\/uploads\/2025\/11\/114.png\" alt=\"\" class=\"wp-image-753\" srcset=\"https:\/\/vetshadow.com\/wp-content\/uploads\/2025\/11\/114.png 500w, https:\/\/vetshadow.com\/wp-content\/uploads\/2025\/11\/114-300x300.png 300w, https:\/\/vetshadow.com\/wp-content\/uploads\/2025\/11\/114-150x150.png 150w, https:\/\/vetshadow.com\/wp-content\/uploads\/2025\/11\/114-12x12.png 12w\" sizes=\"auto, (max-width: 500px) 100vw, 500px\" \/><\/figure>\n<\/div>\n\n\n\n<div class=\"wp-block-uagb-container uagb-block-d79b3507\">\n<p class=\"has-black-color has-text-color has-link-color wp-elements-0d4cf397a3b8fb7fdd03e60e11bd90ee\">Te damos acceso a tu panel, material y contrato.<\/p>\n<\/div>\n\n\n\n<div class=\"wp-block-uagb-container uagb-block-e667383c\">\n<figure class=\"wp-block-image size-full\"><img loading=\"lazy\" decoding=\"async\" width=\"500\" height=\"500\" src=\"https:\/\/vetshadow.com\/wp-content\/uploads\/2025\/11\/119.png\" alt=\"\" class=\"wp-image-752\" srcset=\"https:\/\/vetshadow.com\/wp-content\/uploads\/2025\/11\/119.png 500w, https:\/\/vetshadow.com\/wp-content\/uploads\/2025\/11\/119-300x300.png 300w, https:\/\/vetshadow.com\/wp-content\/uploads\/2025\/11\/119-150x150.png 150w, https:\/\/vetshadow.com\/wp-content\/uploads\/2025\/11\/119-12x12.png 12w\" sizes=\"auto, (max-width: 500px) 100vw, 500px\" \/><\/figure>\n<\/div>\n\n\n\n<div class=\"wp-block-uagb-container uagb-block-153dd460\">\n<p class=\"has-black-color has-text-color has-link-color wp-elements-c9127d09858842cb7052ca48652a8f66\">Empiezas a contactar cl\u00ednicas.<\/p>\n<\/div>\n\n\n\n<div class=\"wp-block-uagb-container uagb-block-bf6c467e\">\n<figure class=\"wp-block-image size-full\"><img loading=\"lazy\" decoding=\"async\" width=\"500\" height=\"500\" src=\"https:\/\/vetshadow.com\/wp-content\/uploads\/2025\/11\/100.png\" alt=\"\" class=\"wp-image-754\" srcset=\"https:\/\/vetshadow.com\/wp-content\/uploads\/2025\/11\/100.png 500w, https:\/\/vetshadow.com\/wp-content\/uploads\/2025\/11\/100-300x300.png 300w, https:\/\/vetshadow.com\/wp-content\/uploads\/2025\/11\/100-150x150.png 150w, https:\/\/vetshadow.com\/wp-content\/uploads\/2025\/11\/100-12x12.png 12w\" sizes=\"auto, (max-width: 500px) 100vw, 500px\" \/><\/figure>\n<\/div>\n\n\n\n<div class=\"wp-block-uagb-container uagb-block-676ba21a\">\n<p class=\"has-black-color has-text-color has-link-color wp-elements-ed0a1837db332a5fdcf60d77520dbc76\">Cada cierre \u2192 <strong>comisi\u00f3n mensual para ti, de por vida<\/strong> (mientras el cliente contin\u00fae el servicio.)<\/p>\n<\/div>\n<\/div>\n\n\n\n<h2 class=\"wp-block-heading has-black-color has-text-color has-link-color wp-elements-ed3b0e1f83fee075e4c980ae98dbae7d\"><strong>\u00bfListo para ganar ingresos recurrentes?<\/strong><\/h2>\n\n\n\n<div class=\"wp-block-uagb-container uagb-block-1f9eab09 default uagb-is-root-container\">\n<div class=\"wp-block-uagb-container uagb-block-239bfc19\">\n<p class=\"has-black-color has-text-color has-link-color wp-elements-366035caa3b26d0ee9028658079d22be\">\u00danete hoy al VetShadow Partners Program y empieza a generar ingresos estables mientras ayudas a mejorar la calidad de vida del personal veterinario y la eficiencia de los centros<\/p>\n<\/div>\n\n\n\n<div class=\"wp-block-uagb-container uagb-block-dfa8f52c\">\n<figure class=\"wp-block-image size-full\"><img loading=\"lazy\" decoding=\"async\" width=\"500\" height=\"500\" src=\"https:\/\/vetshadow.com\/wp-content\/uploads\/2025\/11\/140.png\" alt=\"\" class=\"wp-image-757\" srcset=\"https:\/\/vetshadow.com\/wp-content\/uploads\/2025\/11\/140.png 500w, https:\/\/vetshadow.com\/wp-content\/uploads\/2025\/11\/140-300x300.png 300w, https:\/\/vetshadow.com\/wp-content\/uploads\/2025\/11\/140-150x150.png 150w, https:\/\/vetshadow.com\/wp-content\/uploads\/2025\/11\/140-12x12.png 12w\" sizes=\"auto, (max-width: 500px) 100vw, 500px\" \/><\/figure>\n<\/div>\n<\/div>\n\n\n\n<p class=\"has-text-align-center has-black-color has-text-color has-link-color has-large-font-size wp-elements-963c055c58204c4cdd84183f68764cae\"><strong>Quiero ser Partner de VetShadow<\/strong><\/p>\n\n\n\n<div class=\"wp-block-uagb-buttons uagb-buttons__outer-wrap uagb-btn__large-btn uagb-btn-tablet__default-btn uagb-btn-mobile__default-btn uagb-block-d6b3114a\"><div class=\"uagb-buttons__wrap uagb-buttons-layout-wrap\">\n<div class=\"wp-block-uagb-buttons-child uagb-buttons__outer-wrap uagb-block-f7008f4b wp-block-button\"><div class=\"uagb-button__wrapper\"><a class=\"uagb-buttons-repeater wp-block-button__link\" aria-label=\"\" href=\"https:\/\/vetshadow.com\/es\/partner-program-form\/\" rel=\"follow noopener\" target=\"_self\" role=\"button\"><div class=\"uagb-button__link\">Become a Partner<\/div><\/a><\/div><\/div>\n<\/div><\/div>\n\n\n\n<div class=\"wp-block-uagb-advanced-heading uagb-block-7c728456\"><h2 class=\"uagb-heading-text\"><strong>Let\u2019s grow together.<\/strong><\/h2><\/div>\n\n\n\n<p><\/p>","protected":false},"excerpt":{"rendered":"<p>VetShadow Partners Program Earn recurring income while helping transform the veterinary profession The VetShadow Partners Program is the perfect opportunity for closers, agencies and marketing professionals seeking high, stable and long-term recurring revenue. If you can connect VetShadow with veterinary clinics, we can work together. VetShadow is the first expert remote clinical support service for [&hellip;]<\/p>\n","protected":false},"author":1,"featured_media":0,"parent":0,"menu_order":0,"comment_status":"closed","ping_status":"closed","template":"","meta":{"_uag_custom_page_level_css":"","_swt_meta_header_display":false,"_swt_meta_footer_display":false,"_swt_meta_site_title_display":true,"_swt_meta_sticky_header":false,"_swt_meta_transparent_header":false,"footnotes":""},"class_list":["post-725","page","type-page","status-publish","hentry"],"uagb_featured_image_src":{"full":false,"thumbnail":false,"medium":false,"medium_large":false,"large":false,"1536x1536":false,"2048x2048":false,"trp-custom-language-flag":false},"uagb_author_info":{"display_name":"cointamurillopazos","author_link":"https:\/\/vetshadow.com\/es\/author\/cointamurillopazos\/"},"uagb_comment_info":0,"uagb_excerpt":"VetShadow Partners Program Earn recurring income while helping transform the veterinary profession The VetShadow Partners Program is the perfect opportunity for closers, agencies and marketing professionals seeking high, stable and long-term recurring revenue. If you can connect VetShadow with veterinary clinics, we can work together. VetShadow is the first expert remote clinical support service for&hellip;","_links":{"self":[{"href":"https:\/\/vetshadow.com\/es\/wp-json\/wp\/v2\/pages\/725","targetHints":{"allow":["GET"]}}],"collection":[{"href":"https:\/\/vetshadow.com\/es\/wp-json\/wp\/v2\/pages"}],"about":[{"href":"https:\/\/vetshadow.com\/es\/wp-json\/wp\/v2\/types\/page"}],"author":[{"embeddable":true,"href":"https:\/\/vetshadow.com\/es\/wp-json\/wp\/v2\/users\/1"}],"replies":[{"embeddable":true,"href":"https:\/\/vetshadow.com\/es\/wp-json\/wp\/v2\/comments?post=725"}],"version-history":[{"count":0,"href":"https:\/\/vetshadow.com\/es\/wp-json\/wp\/v2\/pages\/725\/revisions"}],"wp:attachment":[{"href":"https:\/\/vetshadow.com\/es\/wp-json\/wp\/v2\/media?parent=725"}],"curies":[{"name":"wp","href":"https:\/\/api.w.org\/{rel}","templated":true}]}}