{"id":629,"date":"2025-10-20T11:38:12","date_gmt":"2025-10-20T10:38:12","guid":{"rendered":"https:\/\/vetshadow.com\/?page_id=629"},"modified":"2025-11-05T23:29:17","modified_gmt":"2025-11-05T22:29:17","slug":"general-data-protection-notice","status":"publish","type":"page","link":"https:\/\/vetshadow.com\/es\/general-data-protection-notice\/","title":{"rendered":"Aviso general sobre protecci\u00f3n de datos"},"content":{"rendered":"<h1 class=\"wp-block-heading\">Aviso general sobre protecci\u00f3n de datos<\/h1>\n\n\n\n<p><strong>Introducci\u00f3n<\/strong><br>VetShadow Ltd recopila, procesa y almacena la informaci\u00f3n y los datos personales que usted env\u00eda a nuestro sitio web en relaci\u00f3n con la prestaci\u00f3n de servicios de apoyo veterinario remoto y la gesti\u00f3n de las comunicaciones con clientes y cl\u00ednicas asociadas. Todas las actividades de procesamiento se llevan a cabo de conformidad con sus derechos individuales, definidos por el Reglamento General de Protecci\u00f3n de Datos del Reino Unido (UK GDPR) y, cuando sea aplicable, el Reglamento General de Protecci\u00f3n de Datos de la Uni\u00f3n Europea (EU GDPR).<\/p>\n\n\n\n<p><strong>Consentimiento<\/strong><br>Al enviar informaci\u00f3n sobre usted a trav\u00e9s de nuestro sitio web, usted acepta que VetShadow Ltd puede procesar y almacenar dichos datos. Sus datos solo se almacenar\u00e1n durante el tiempo que sea necesario para los fines anteriormente indicados. No procesamos ni almacenamos datos personales durante m\u00e1s tiempo del necesario, y sus datos no se utilizar\u00e1n para fines distintos de aquellos para los que haya dado su consentimiento expl\u00edcito.<\/p>\n\n\n\n<p><strong>Socios terceros<\/strong><br>Sus datos nunca ser\u00e1n compartidos ni transferidos a organizaciones de terceros, a excepci\u00f3n de los siguientes socios que ayudan a VetShadow Ltd a procesar datos personales y prestar nuestros servicios:<\/p>\n\n\n\n<ul class=\"wp-block-list\">\n<li>MailerLite<\/li>\n\n\n\n<li>MailerSend<\/li>\n<\/ul>\n\n\n\n<p><strong>Sus derechos<\/strong><br>Usted tiene derecho a solicitar a VetShadow Ltd que actualice sus datos personales en cualquier momento. Tambi\u00e9n puede solicitar informaci\u00f3n sobre sus datos personales, revocar su consentimiento para el procesamiento o solicitar la transferencia o eliminaci\u00f3n de sus datos.<\/p>\n\n\n\n<p>Para obtener m\u00e1s informaci\u00f3n sobre c\u00f3mo VetShadow Ltd protege y asegura sus datos, consulte nuestra <a href=\"https:\/\/vetshadow.com\/es\/privacy-policy\/\" data-type=\"page\" data-id=\"3\">Pol\u00edtica De Privacidad<\/a>.<\/p>\n\n\n\n<p>S\u00ed, estoy de acuerdo con la Pol\u00edtica de Privacidad de VetShadow Ltd<\/p>\n\n\n\n<p><\/p>","protected":false},"excerpt":{"rendered":"<p>General Data Protection Notice IntroductionVetShadow Ltd collects, processes, and stores the information and personal data you submit to our website in relation to providing remote veterinary support services and managing communications with clients and partner clinics. All processing activities are carried out in accordance with your individual rights as defined by the United Kingdom\u2019s Data [&hellip;]<\/p>\n","protected":false},"author":1,"featured_media":0,"parent":0,"menu_order":0,"comment_status":"closed","ping_status":"closed","template":"","meta":{"_uag_custom_page_level_css":"","_swt_meta_header_display":false,"_swt_meta_footer_display":false,"_swt_meta_site_title_display":true,"_swt_meta_sticky_header":false,"_swt_meta_transparent_header":false,"footnotes":""},"class_list":["post-629","page","type-page","status-publish","hentry"],"uagb_featured_image_src":{"full":false,"thumbnail":false,"medium":false,"medium_large":false,"large":false,"1536x1536":false,"2048x2048":false,"trp-custom-language-flag":false},"uagb_author_info":{"display_name":"cointamurillopazos","author_link":"https:\/\/vetshadow.com\/es\/author\/cointamurillopazos\/"},"uagb_comment_info":0,"uagb_excerpt":"General Data Protection Notice IntroductionVetShadow Ltd collects, processes, and stores the information and personal data you submit to our website in relation to providing remote veterinary support services and managing communications with clients and partner clinics. All processing activities are carried out in accordance with your individual rights as defined by the United Kingdom\u2019s Data&hellip;","_links":{"self":[{"href":"https:\/\/vetshadow.com\/es\/wp-json\/wp\/v2\/pages\/629","targetHints":{"allow":["GET"]}}],"collection":[{"href":"https:\/\/vetshadow.com\/es\/wp-json\/wp\/v2\/pages"}],"about":[{"href":"https:\/\/vetshadow.com\/es\/wp-json\/wp\/v2\/types\/page"}],"author":[{"embeddable":true,"href":"https:\/\/vetshadow.com\/es\/wp-json\/wp\/v2\/users\/1"}],"replies":[{"embeddable":true,"href":"https:\/\/vetshadow.com\/es\/wp-json\/wp\/v2\/comments?post=629"}],"version-history":[{"count":0,"href":"https:\/\/vetshadow.com\/es\/wp-json\/wp\/v2\/pages\/629\/revisions"}],"wp:attachment":[{"href":"https:\/\/vetshadow.com\/es\/wp-json\/wp\/v2\/media?parent=629"}],"curies":[{"name":"wp","href":"https:\/\/api.w.org\/{rel}","templated":true}]}}