{"id":620,"date":"2025-10-20T10:23:44","date_gmt":"2025-10-20T09:23:44","guid":{"rendered":"https:\/\/vetshadow.com\/?page_id=620"},"modified":"2025-11-05T23:27:17","modified_gmt":"2025-11-05T22:27:17","slug":"legal-notice-disclaimer","status":"publish","type":"page","link":"https:\/\/vetshadow.com\/es\/legal-notice-disclaimer\/","title":{"rendered":"Aviso legal y exenci\u00f3n de responsabilidad"},"content":{"rendered":"<h1 class=\"wp-block-heading\"><strong>Aviso legal y exenci\u00f3n de responsabilidad<\/strong><\/h1>\n\n\n\n<p><em>\u00daltima actualizaci\u00f3n: Octubre 2025<\/em><\/p>\n\n\n\n<hr class=\"wp-block-separator has-alpha-channel-opacity\"\/>\n\n\n\n<h2 class=\"wp-block-heading\"><strong>1. Datos Legales<\/strong><\/h2>\n\n\n\n<p>Este sitio web, <a href=\"https:\/\/vetshadow.com\/es\/\">www.vetshadow.com<\/a>, es propiedad y est\u00e1 operado por:<\/p>\n\n\n\n<p><strong>VetShadow Ltd<\/strong><br>Registrada en Inglaterra y Gales<br><strong>N\u00famero de registro:<\/strong> 16788958<br><strong>Domicilio Social:<\/strong> 71\u201375 Shelton Street, London WC2H 9JQ, United Kingdom<br><strong>Correo Electr\u00f3nico:<\/strong> <a>hello@vetshadow.com<\/a><br><strong>P\u00e1gina web:<\/strong> <a href=\"https:\/\/vetshadow.com\/es\/\">www.vetshadow.com<\/a><\/p>\n\n\n\n<hr class=\"wp-block-separator has-alpha-channel-opacity\"\/>\n\n\n\n<h2 class=\"wp-block-heading\"><strong>2. Prop\u00f3sito del Sitio Web<\/strong><\/h2>\n\n\n\n<p>El prop\u00f3sito de este sitio web es proporcionar informaci\u00f3n sobre los servicios profesionales ofrecidos por VetShadow Ltd, incluyendo asesoramiento veterinario remoto, mentor\u00eda y servicios de apoyo para cl\u00ednicas y profesionales veterinarios.<\/p>\n\n\n\n<p>El contenido de este sitio web tiene <strong>\u00fanicamente fines informativos y educativos.<\/strong>.<br>No <strong>no<\/strong> en modo alguno un diagn\u00f3stico veterinario directo, tratamiento o consejo de emergencia para animales propiedad del p\u00fablico.<\/p>\n\n\n\n<hr class=\"wp-block-separator has-alpha-channel-opacity\"\/>\n\n\n\n<h2 class=\"wp-block-heading\"><strong>3. Descargo de Responsabilidad Profesional<\/strong><\/h2>\n\n\n\n<p>VetShadow Ltd opera exclusivamente como un <strong>servicio de apoyo de profesional a profesional<\/strong> destinado a veterinarios y organizaciones veterinarias registradas.<\/p>\n\n\n\n<p>Toda la orientaci\u00f3n cl\u00ednica proporcionada a trav\u00e9s de las plataformas de VetShadow (por ejemplo, Element app autoalojada correo electr\u00f3nico) se entiende como <strong>soporte y discusi\u00f3n entre profesionales cualificados<\/strong>, y no debe <strong>reemplazar el juicio cl\u00ednico<\/strong> del veterinario responsable del caso.<\/p>\n\n\n\n<p>VetShadow Ltd y sus consultores no aceptan ninguna responsabilidad por las acciones tomadas bas\u00e1ndose \u00fanicamente en el asesoramiento en l\u00ednea sin un examen presencial o informaci\u00f3n de diagn\u00f3stico adecuada.<\/p>\n\n\n\n<p>Si usted es due\u00f1o de una mascota y busca asistencia veterinaria, p\u00f3ngase en contacto con su cl\u00ednica veterinaria local.<\/p>\n\n\n\n<hr class=\"wp-block-separator has-alpha-channel-opacity\"\/>\n\n\n\n<h2 class=\"wp-block-heading\"><strong>4. Limitaci\u00f3n de Responsabilidad<\/strong><\/h2>\n\n\n\n<p>Aunque VetShadow Ltd se esfuerza por proporcionar informaci\u00f3n precisa y actualizada, la empresa no puede garantizar la exhaustividad, exactitud o idoneidad de todo el contenido de este sitio web.<\/p>\n\n\n\n<p>VetShadow Ltd no se har\u00e1 responsable de (o no ser\u00e1 responsable por):<\/p>\n\n\n\n<ul class=\"wp-block-list\">\n<li>Errores, omisiones o contenido desactualizado.<\/li>\n\n\n\n<li>La indisponibilidad temporal del sitio web debido a mantenimiento o problemas t\u00e9cnicos.<\/li>\n\n\n\n<li>P\u00e9rdidas o da\u00f1os (directos o indirectos) derivados del uso de este sitio web o de la confianza depositada en sus contenidos.<\/li>\n<\/ul>\n\n\n\n<p>El uso de este sitio web es totalmente bajo su propio riesgo.<\/p>\n\n\n\n<hr class=\"wp-block-separator has-alpha-channel-opacity\"\/>\n\n\n\n<h2 class=\"wp-block-heading\"><strong>5. Enlaces Externos<\/strong><\/h2>\n\n\n\n<p>Este sitio web puede contener enlaces a sitios web, recursos o servicios externos operados por terceros.<br>Estos se proporcionan \u00fanicamente con fines informativos.<\/p>\n\n\n\n<p>VetShadow Ltd no <strong>tiene control<\/strong> sobre el contenido, la disponibilidad o la seguridad de los sitios web enlazados, y no <strong>acepta responsabilidad alguna<\/strong> por:<\/p>\n\n\n\n<ul class=\"wp-block-list\">\n<li>El contenido, la disponibilidad o la seguridad de los sitios web enlazados.<\/li>\n\n\n\n<li>Cualquier p\u00e9rdida o da\u00f1o que surja de su uso.<\/li>\n<\/ul>\n\n\n\n<p>La inclusi\u00f3n de enlaces externos no implica el respaldo o la recomendaci\u00f3n por parte de VetShadow Ltd.<\/p>\n\n\n\n<p>Se recomienda a los usuarios revisar los t\u00e9rminos y las pol\u00edticas de privacidad de cualquier sitio web de terceros que visiten.<\/p>\n\n\n\n<hr class=\"wp-block-separator has-alpha-channel-opacity\"\/>\n\n\n\n<h2 class=\"wp-block-heading\"><strong>6. Derechos de Propiedad Intelectual<\/strong><\/h2>\n\n\n\n<p>Todos los materiales publicados en este sitio web \u2014incluidos textos, im\u00e1genes, gr\u00e1ficos, v\u00eddeos y logotipos\u2014 son propiedad de VetShadow Ltd o de sus colaboradores, salvo que se indique lo contrario.<\/p>\n\n\n\n<p>Est\u00e1n protegidos por las leyes de derechos de autor, marcas comerciales y otras leyes de propiedad intelectual del Reino Unido y los tratados internacionales.<\/p>\n\n\n\n<p>Usted no puede reproducir, distribuir, modificar o utilizar ning\u00fan contenido de este sitio web sin la autorizaci\u00f3n previa por escrito de VetShadow Ltd.<\/p>\n\n\n\n<p>El nombre y el logotipo de \"VetShadow\" son marcas registradas o en proceso de registro de VetShadow Ltd.<\/p>\n\n\n\n<hr class=\"wp-block-separator has-alpha-channel-opacity\"\/>\n\n\n\n<h2 class=\"wp-block-heading\"><strong>7. Protecci\u00f3n de Datos<\/strong><\/h2>\n\n\n\n<p>VetShadow Ltd cumple con <strong>el Reglamento General de Protecci\u00f3n de Datos del Reino Unido (UK GDPR)<\/strong>,la <strong>Ley de Protecci\u00f3n de Datos de 2018<\/strong>, y, cuando sea aplicable, la <strong>EU GDPR<\/strong>.<\/p>\n\n\n\n<p>Para obtener detalles completos sobre c\u00f3mo procesamos y protegemos sus datos personales, consulte nuestra <a href=\"https:\/\/vetshadow.com\/es\/privacy-policy\/\" data-type=\"page\" data-id=\"3\">Pol\u00edtica De Privacidad<\/a>.<\/p>\n\n\n\n<hr class=\"wp-block-separator has-alpha-channel-opacity\"\/>\n\n\n\n<h2 class=\"wp-block-heading\"><strong>8. Cookies<\/strong><\/h2>\n\n\n\n<p>Este sitio web utiliza cookies para mejorar su experiencia y recopilar an\u00e1lisis.<br>Los detalles se encuentran en nuestra <a href=\"https:\/\/vetshadow.com\/es\/cookie-policy-eu\/\" data-type=\"page\" data-id=\"153\">Pol\u00edtica de cookies<\/a>.<\/p>\n\n\n\n<p>Usted puede ajustar o retirar su consentimiento en cualquier momento a trav\u00e9s de la configuraci\u00f3n de cookies gestionada por Complianz.<\/p>\n\n\n\n<hr class=\"wp-block-separator has-alpha-channel-opacity\"\/>\n\n\n\n<h2 class=\"wp-block-heading\"><strong>9. Ley Aplicable y Jurisdicci\u00f3n<\/strong><\/h2>\n\n\n\n<p>Este Aviso Legal y Descargo de Responsabilidad se rigen por <strong>las leyes de Inglaterra y Gales<\/strong>.<\/p>\n\n\n\n<p>Cualquier disputa estar\u00e1 sujeta a la jurisdicci\u00f3n exclusiva de los <strong>tribunales de Inglaterra y Gales<\/strong>, sin perjuicio de los derechos que usted pueda tener bajo las leyes de protecci\u00f3n al consumidor de su pa\u00eds de residencia (dentro de la Uni\u00f3n Europea).<\/p>\n\n\n\n<hr class=\"wp-block-separator has-alpha-channel-opacity\"\/>\n\n\n\n<h2 class=\"wp-block-heading\"><strong>10. Contacto<\/strong><\/h2>\n\n\n\n<p>Si tiene alguna pregunta sobre este Aviso Legal o sobre la informaci\u00f3n publicada en este sitio web, p\u00f3ngase en contacto con:<\/p>\n\n\n\n<p>\ud83d\udce7 <strong><a>hello@vetshadow.com<\/a><\/strong><\/p>\n\n\n\n<hr class=\"wp-block-separator has-alpha-channel-opacity\"\/>\n\n\n\n<p>\u00a9 VetShadow Ltd 2025 | Registered in England and Wales | Company No. 16788958 | Registered Office: 71\u201375 Shelton Street, London WC2H 9JQ<\/p>\n\n\n\n<p><\/p>","protected":false},"excerpt":{"rendered":"<p>Legal Notice &amp; Disclaimer Last updated: October 2025 1. Legal Information This website, www.vetshadow.com, is owned and operated by: VetShadow LtdRegistered in England and WalesCompany number: 16788958Registered office: 71\u201375 Shelton Street, London WC2H 9JQ, United KingdomEmail: hello@vetshadow.comWebsite: www.vetshadow.com 2. Purpose of the Website The purpose of this website is to provide information about the professional [&hellip;]<\/p>\n","protected":false},"author":1,"featured_media":0,"parent":0,"menu_order":0,"comment_status":"closed","ping_status":"closed","template":"","meta":{"_uag_custom_page_level_css":"","_swt_meta_header_display":false,"_swt_meta_footer_display":false,"_swt_meta_site_title_display":true,"_swt_meta_sticky_header":false,"_swt_meta_transparent_header":false,"footnotes":""},"class_list":["post-620","page","type-page","status-publish","hentry"],"uagb_featured_image_src":{"full":false,"thumbnail":false,"medium":false,"medium_large":false,"large":false,"1536x1536":false,"2048x2048":false,"trp-custom-language-flag":false},"uagb_author_info":{"display_name":"cointamurillopazos","author_link":"https:\/\/vetshadow.com\/es\/author\/cointamurillopazos\/"},"uagb_comment_info":0,"uagb_excerpt":"Legal Notice &amp; Disclaimer Last updated: October 2025 1. Legal Information This website, www.vetshadow.com, is owned and operated by: VetShadow LtdRegistered in England and WalesCompany number: 16788958Registered office: 71\u201375 Shelton Street, London WC2H 9JQ, United KingdomEmail: hello@vetshadow.comWebsite: www.vetshadow.com 2. Purpose of the Website The purpose of this website is to provide information about the professional&hellip;","_links":{"self":[{"href":"https:\/\/vetshadow.com\/es\/wp-json\/wp\/v2\/pages\/620","targetHints":{"allow":["GET"]}}],"collection":[{"href":"https:\/\/vetshadow.com\/es\/wp-json\/wp\/v2\/pages"}],"about":[{"href":"https:\/\/vetshadow.com\/es\/wp-json\/wp\/v2\/types\/page"}],"author":[{"embeddable":true,"href":"https:\/\/vetshadow.com\/es\/wp-json\/wp\/v2\/users\/1"}],"replies":[{"embeddable":true,"href":"https:\/\/vetshadow.com\/es\/wp-json\/wp\/v2\/comments?post=620"}],"version-history":[{"count":0,"href":"https:\/\/vetshadow.com\/es\/wp-json\/wp\/v2\/pages\/620\/revisions"}],"wp:attachment":[{"href":"https:\/\/vetshadow.com\/es\/wp-json\/wp\/v2\/media?parent=620"}],"curies":[{"name":"wp","href":"https:\/\/api.w.org\/{rel}","templated":true}]}}