{"id":19,"date":"2025-07-08T11:55:56","date_gmt":"2025-07-08T10:55:56","guid":{"rendered":"https:\/\/vetshadow.com\/?page_id=19"},"modified":"2025-12-02T13:03:14","modified_gmt":"2025-12-02T12:03:14","slug":"about-us","status":"publish","type":"page","link":"https:\/\/vetshadow.com\/es\/about-us\/","title":{"rendered":"Nosotros"},"content":{"rendered":"<div class=\"wp-block-group has-global-padding is-layout-constrained wp-block-group-is-layout-constrained\">\n<div class=\"wp-block-uagb-advanced-heading uagb-block-ad74870a\"><h1 class=\"uagb-heading-text\"><strong>Nosotros<\/strong><\/h1><\/div>\n<\/div>\n\n\n\n<p class=\"has-black-color has-text-color has-link-color wp-elements-063d939272f8c33aab44736a799028f1\">VetShadow nace de un problema claro y creciente en el mundo de la veterinaria.<\/p>\n\n\n\n<p class=\"has-black-color has-text-color has-link-color wp-elements-a5e11dade376e6e2301efb859d71b342\">La profesi\u00f3n es altamente exigente a nivel emocional, mental y f\u00edsico. Las largas jornadas, los turnos imprevisibles, la atenci\u00f3n a urgencias y la presi\u00f3n de los clientes generan una carga dif\u00edcil de sostener. Como consecuencia, muchos veterinarios senior acaban abandonando la pr\u00e1ctica cl\u00ednica por agotamiento, nuevas responsabilidades personales o falta de flexibilidad.<\/p>\n\n\n\n<p class=\"has-black-color has-text-color has-link-color wp-elements-5b8a785f62f6915ce1d3d18362e4e42f\">Al mismo tiempo, los veterinarios junior se ven obligados a asumir una gran responsabilidad con poca experiencia cl\u00ednica, mientras que los senior que contin\u00faan en activo a menudo se sienten estancados, dedicando gran parte de su energ\u00eda a formar y supervisar a los m\u00e1s j\u00f3venes.<\/p>\n\n\n\n<p class=\"has-black-color has-text-color has-link-color wp-elements-397a5fc9a9c004a4c7924562121fd218\"><strong>VetShadow resuelve ese desajuste.<\/strong><br>Nos aseguramos de que el conocimiento cl\u00ednico y la experiencia de los profesionales veteranos no se pierdan. Al contrario, los ponemos al servicio de los veterinarios junior y de otros colegas, incluso si el profesional senior ya no puede trabajar f\u00edsicamente en cl\u00ednica.<br><\/p>\n\n\n\n<p class=\"has-black-color has-text-color has-link-color wp-elements-e5c0d60501e20596b67ac3f1bd58177e\"><strong>En resumen: VetShadow cubre los puntos d\u00e9biles que m\u00e1s frenan a las cl\u00ednicas veterinarias.<br><\/strong>Mejoramos el apoyo cl\u00ednico, la comunicaci\u00f3n y el bienestar del equipo, para que tu cl\u00ednica funcione con m\u00e1s eficacia, seguridad y satisfacci\u00f3n tanto para el cliente como para el profesional.<br><br><strong>La historia detr\u00e1s de VetShadow<\/strong><br>Lanzamos este servicio porque hemos visto, una y otra vez, a veterinarios senior que se ven obligados a dejar la vida cl\u00ednica tras cambios importantes en sus circunstancias personales \u2014algunos felices, otros muy duros. En lugar de dejar que toda esa experiencia y conocimiento se pierdan, decidimos crear una forma de canalizarlos de nuevo hacia la pr\u00e1ctica cl\u00ednica. Esa motivaci\u00f3n real \u2014la p\u00e9rdida de compa\u00f1eros veteranos y el impacto que supone para los equipos y los pacientes\u2014 est\u00e1 en el coraz\u00f3n de todo lo que hacemos.<\/p>\n\n\n\n<p class=\"has-black-color has-text-color has-link-color wp-elements-aec67e2eadeb4fb19d6f6a10291d634d\"><strong>Nuestra visi\u00f3n y misi\u00f3n<\/strong><br><strong>Visi\u00f3n:<\/strong> optimizar el desarrollo profesional a lo largo de toda la carrera veterinaria, tanto para juniors como para seniors, de modo que cada profesional pueda centrarse en las tareas donde aporta m\u00e1s valor, siempre respaldado por apoyo experto.<br><strong>Misi\u00f3n:<\/strong> hacer que el trabajo veterinario sea m\u00e1s gratificante, saludable y efectivo, asegurando que ning\u00fan cl\u00ednico se enfrente nunca a un caso dif\u00edcil completamente solo. VetShadow no a\u00f1ade manos extra a tu cl\u00ednica; lo que ofrecemos es a\u00fan mejor: que nadie vuelva a tener las manos atadas.<\/p>\n\n\n\n<p class=\"has-black-color has-text-color has-link-color wp-elements-e4bf7a6576c662526e09340a6ce1860f\"><strong>Qui\u00e9nes somos<\/strong><br>Cada miembro del equipo de VetShadow es un aut\u00e9ntico veterinario senior: con un m\u00ednimo de 10 a\u00f1os de experiencia en cl\u00ednica u hospital, trabajo pr\u00e1ctico en urgencias, gesti\u00f3n real de centros veterinarios y dominio, al menos a nivel C1, tanto de espa\u00f1ol como de ingl\u00e9s. No podr\u00edamos ofrecer este servicio de forma cre\u00edble de otra manera \u2014\u00bfc\u00f3mo podr\u00edamos apoyarte si no hemos vivido el trabajo en primera persona?<\/p>\n\n\n\n<p class=\"has-black-color has-text-color has-link-color wp-elements-2912010b8c94b82b0329c01b4e55bc94\"><strong>Nuestros valores<\/strong><br>\u2022 Nunca est\u00e1s solo: cuando un caso importa, tu equipo tiene acceso inmediato a la experiencia humana.<br>\u2022 Experiencia por encima de la moda: en una era dominada por la IA, defendemos la inteligencia natural, profesionales con experiencia guiando a profesionales.<br>\u2022 Apoyo pr\u00e1ctico: r\u00e1pido, especializado y adaptado a las necesidades reales de tu cl\u00ednica.<br>\u2022 Carreras sostenibles: reducir el burnout y retener el talento cl\u00ednico es parte esencial de nuestro prop\u00f3sito.<\/p>\n\n\n\n<p class=\"has-black-color has-text-color has-link-color wp-elements-112a3cf43fbf50b4c81ff97cd6dd9e2d\"><strong>C\u00f3mo marcamos la diferencia<\/strong><br>Piensa en VetShadow como el lubricante de una m\u00e1quina compleja: no cambiamos las piezas, pero hacemos que todo funcione con m\u00e1s fluidez. La toma de decisiones es m\u00e1s \u00e1gil, el trabajo en equipo menos ruidoso y se reduce el desgaste que conduce a errores y p\u00e9rdida de personal. El resultado: una cl\u00ednica que trabaja con m\u00e1s calma, claridad y continuidad.<\/p>\n\n\n\n<p class=\"has-black-color has-text-color has-link-color wp-elements-5cc396cb6fbf5798812f1fac2b147ac5\"><strong>Por qu\u00e9 expertos humanos, no bots<\/strong><br>Nuestro apoyo es especializado, inmediato y humano. Las m\u00e1quinas y los algoritmos pueden ayudar con datos, pero cuando se trata de pacientes reales y juicios cl\u00ednicos complejos, nada sustituye la comprensi\u00f3n de un veterinario experimentado. VetShadow llega a donde un bot no puede: contexto, empat\u00eda, intuici\u00f3n cl\u00ednica y esos matices en la toma de decisiones que ahorran tiempo, dinero y preocupaciones.<\/p>\n\n\n\n<p class=\"has-black-color has-text-color has-link-color wp-elements-b69c8048b04f473d3bdb63f0acd44c0a\"><strong>C\u00f3mo trabajamos<\/strong><br>Nos integramos con tu equipo a trav\u00e9s de nuestra aplicaci\u00f3n de comunicaci\u00f3n segura. Desde el primer d\u00eda, tus veterinarios tienen una l\u00ednea directa con colegas s\u00e9nior para segundas opiniones, orientaci\u00f3n diagn\u00f3stica, planificaci\u00f3n de tratamientos y acompa\u00f1amiento cl\u00ednico en el d\u00eda a d\u00eda. Operamos en Reino Unido y Espa\u00f1a, ofreciendo una cobertura adaptada a vuestro flujo de trabajo y vuestros turnos de personal.<\/p>\n\n\n\n<p class=\"has-black-color has-text-color has-link-color wp-elements-74d829aec053b84d0a5706e0d732eb2c\"><strong>El impacto que buscamos<\/strong><br>Nuestro objetivo es medible: menos errores evitables, menor rotaci\u00f3n de personal, decisiones m\u00e1s r\u00e1pidas y una mejora tangible en el bienestar del equipo. Hacemos posible que las cl\u00ednicas sean m\u00e1s valientes en los casos que aceptan, m\u00e1s seguras en su pr\u00e1ctica y m\u00e1s libres para dedicar tiempo al crecimiento en lugar de a apagar fuegos.<\/p>\n\n\n\n<p><\/p>","protected":false},"excerpt":{"rendered":"<p>About us VetShadow was born out of a clear and growing problem in the veterinary profession. Veterinary work is highly demanding, emotionally, mentally and physically. Long hours, unpredictable shifts, emergency care and client pressures create a perfect storm. As a result, many experienced senior vets eventually step away from clinical practice due to burnout, family [&hellip;]<\/p>\n","protected":false},"author":1,"featured_media":0,"parent":0,"menu_order":0,"comment_status":"closed","ping_status":"closed","template":"","meta":{"_uag_custom_page_level_css":"","_swt_meta_header_display":false,"_swt_meta_footer_display":false,"_swt_meta_site_title_display":true,"_swt_meta_sticky_header":false,"_swt_meta_transparent_header":false,"footnotes":""},"class_list":["post-19","page","type-page","status-publish","hentry"],"uagb_featured_image_src":{"full":false,"thumbnail":false,"medium":false,"medium_large":false,"large":false,"1536x1536":false,"2048x2048":false,"trp-custom-language-flag":false},"uagb_author_info":{"display_name":"cointamurillopazos","author_link":"https:\/\/vetshadow.com\/es\/author\/cointamurillopazos\/"},"uagb_comment_info":0,"uagb_excerpt":"About us VetShadow was born out of a clear and growing problem in the veterinary profession. Veterinary work is highly demanding, emotionally, mentally and physically. Long hours, unpredictable shifts, emergency care and client pressures create a perfect storm. As a result, many experienced senior vets eventually step away from clinical practice due to burnout, family&hellip;","_links":{"self":[{"href":"https:\/\/vetshadow.com\/es\/wp-json\/wp\/v2\/pages\/19","targetHints":{"allow":["GET"]}}],"collection":[{"href":"https:\/\/vetshadow.com\/es\/wp-json\/wp\/v2\/pages"}],"about":[{"href":"https:\/\/vetshadow.com\/es\/wp-json\/wp\/v2\/types\/page"}],"author":[{"embeddable":true,"href":"https:\/\/vetshadow.com\/es\/wp-json\/wp\/v2\/users\/1"}],"replies":[{"embeddable":true,"href":"https:\/\/vetshadow.com\/es\/wp-json\/wp\/v2\/comments?post=19"}],"version-history":[{"count":0,"href":"https:\/\/vetshadow.com\/es\/wp-json\/wp\/v2\/pages\/19\/revisions"}],"wp:attachment":[{"href":"https:\/\/vetshadow.com\/es\/wp-json\/wp\/v2\/media?parent=19"}],"curies":[{"name":"wp","href":"https:\/\/api.w.org\/{rel}","templated":true}]}}